{"id":267,"date":"2023-03-04T11:14:16","date_gmt":"2023-03-04T11:14:16","guid":{"rendered":"https:\/\/civilhood.aleksandaranicic.com\/?page_id=267"},"modified":"2023-10-03T07:30:18","modified_gmt":"2023-10-03T07:30:18","slug":"chi-siamo","status":"publish","type":"page","link":"https:\/\/civilhood.eu\/?page_id=267&lang=it","title":{"rendered":"Chi siamo"},"content":{"rendered":"<p><img loading=\"lazy\" decoding=\"async\" class=\"alignnone wp-image-303 size-full\" src=\"https:\/\/civilhood.eu\/wp-content\/uploads\/2023\/03\/4-Large.jpeg\" alt=\"\" width=\"1280\" height=\"748\" srcset=\"https:\/\/civilhood.eu\/wp-content\/uploads\/2023\/03\/4-Large.jpeg 1280w, https:\/\/civilhood.eu\/wp-content\/uploads\/2023\/03\/4-Large-980x573.jpeg 980w, https:\/\/civilhood.eu\/wp-content\/uploads\/2023\/03\/4-Large-480x281.jpeg 480w\" sizes=\"auto, (min-width: 0px) and (max-width: 480px) 480px, (min-width: 481px) and (max-width: 980px) 980px, (min-width: 981px) 1280px, 100vw\" \/><\/p>\n<p>&nbsp;<\/p>\n<p>CIVILTA&#8217;: favorire la transizione dei minori non accompagnati verso la prima et\u00e0 adulta attraverso l&#8217;educazione civica e l&#8217;integrazione nel mercato del lavoro<\/p>\n<p>Durata del progetto: 01.01.2022 &#8211; 31.12.2023<\/p>\n<p>L&#8217;educazione civica \u00e8 un veicolo importante, ma a volte trascurato, per l&#8217;integrazione dei migranti nel mercato del lavoro, in particolare i minori non accompagnati che si stanno avvicinando all&#8217;et\u00e0 adulta. Per promuovere il loro ingresso nella forza lavoro del loro nuovo paese in modo reciprocamente vantaggioso per loro e per le comunit\u00e0 ospitanti, il progetto Civilhood former\u00e0 professionisti impegnati nel loro sostegno nei 5 Stati membri partecipanti (Grecia, Italia, Cipro, Slovenia e Austria) fornire loro le competenze civiche necessarie. L&#8217;azione proposta \u00e8 intesa a promuovere il trattamento dei minori non accompagnati come titolari di diritti, conformemente al loro interesse superiore in quanto minori.<\/p>\n<p>Le principali attivit\u00e0 proposte sono:<\/p>\n<p>Analisi dei bisogni e scambio di buone pratiche (WP2);<br \/>\nFormazione per professionisti che forniscono supporto alla messaggistica unificata nel settore pubblico e privato e formazione pilota per la messaggistica unificata (WP3);<br \/>\nSviluppo di strumenti di formazione e sensibilizzazione sostenibili in pi\u00f9 lingue, comprese le lingue migranti pi\u00f9 comunemente parlate (i &#8220;Manuali di civilt\u00e0&#8221; &#8211; WP4);<br \/>\nAttivit\u00e0 di disseminazione, comunicazione e sensibilizzazione, inclusa una tavola rotonda al Parlamento UE (WP5).<\/p>\n<p>Il progetto former\u00e0 350 parti interessate sull&#8217;innovativo metodo Civilt\u00e0, che metter\u00e0 alla prova le loro nuove conoscenze e competenze formando 150 minori non accompagnati. Verranno inoltre sviluppati un totale di 3 manuali per i minori non accompagnati, le parti interessate ei formatori. I risultati e gli output del progetto saranno presentati alle parti interessate e ai responsabili politici sia a livello nazionale che dell&#8217;UE. Beneficiari A breve termine: personale di ONG, dipendenti pubblici, funzionari delle risorse umane, minori non accompagnati che partecipano alle attivit\u00e0 del progetto. A medio termine: parti interessate nazionali, comunit\u00e0 di migranti, minori non accompagnati nei paesi partecipanti, datori di lavoro, fornitori di formazione. A lungo termine: il settore delle imprese nei paesi partecipanti, i responsabili politici nazionali e dell&#8217;UE, i minori non accompagnati e gli attori che li sostengono in tutta l&#8217;UE.<\/p>\n<p>L&#8217;obiettivo principale \u00e8 sostenere il potenziamento delle abilit\u00e0 sociali e delle capacit\u00e0 lavorative dell&#8217;UAC al fine di facilitare il loro accesso al mercato del lavoro e garantire l&#8217;autosufficienza dopo l&#8217;et\u00e0 adulta. Questo obiettivo \u00e8 indirizzato allo sviluppo di una metodologia di formazione innovativa che colleghi l&#8217;educazione civile E le competenze responsabilizzare i minori non accompagnati e facilitare la loro integrazione nei mercati del lavoro; la creazione di una rete efficace di parti interessate e specialisti della protezione dell&#8217;infanzia in grado di fornire supporto e contributo di qualit\u00e0 allo sviluppo di politiche di integrazione sociale attraverso azioni di formazione e occupabilit\u00e0. L&#8217;impatto previsto \u00e8: testa un approccio innovativo per l&#8217;occupabilit\u00e0 e lo sviluppo delle competenze lavorative attraverso l&#8217;educazione civica. Un approccio sviluppato per i minori non accompagnati, che dopo un&#8217;attenta ed esauriente analisi dei bisogni, si traduce in un curriculum e una metodologia specifica. Forma professionisti e applica i moduli formativi in 5 contesti; valuta i risultati della formazione; costruisce una comunit\u00e0 internazionale di soggetti interessati in grado di diffondere i risultati delle azioni precedenti ed esercitare un&#8217;influenza sulla definizione delle politiche in materia di integrazione sociale e occupabilit\u00e0 a 4 livello locale, regionale e transnazionale.<\/p>\n<p style=\"text-align: justify;\"><img loading=\"lazy\" decoding=\"async\" class=\"alignnone size-large wp-image-304\" src=\"https:\/\/civilhood.eu\/wp-content\/uploads\/2023\/03\/5-Large-1024x510.jpeg\" alt=\"\" width=\"1024\" height=\"510\" srcset=\"https:\/\/civilhood.eu\/wp-content\/uploads\/2023\/03\/5-Large-1024x510.jpeg 1024w, https:\/\/civilhood.eu\/wp-content\/uploads\/2023\/03\/5-Large-980x488.jpeg 980w, https:\/\/civilhood.eu\/wp-content\/uploads\/2023\/03\/5-Large-480x239.jpeg 480w\" sizes=\"auto, (min-width: 0px) and (max-width: 480px) 480px, (min-width: 481px) and (max-width: 980px) 980px, (min-width: 981px) 1024px, 100vw\" \/><\/p>\n\n\t\t<style type=\"text\/css\">\n\t\t\t#gallery-1 {\n\t\t\t\tmargin: auto;\n\t\t\t}\n\t\t\t#gallery-1 .gallery-item {\n\t\t\t\tfloat: left;\n\t\t\t\tmargin-top: 10px;\n\t\t\t\ttext-align: center;\n\t\t\t\twidth: 20%;\n\t\t\t}\n\t\t\t#gallery-1 img {\n\t\t\t\tborder: 2px solid #cfcfcf;\n\t\t\t}\n\t\t\t#gallery-1 .gallery-caption {\n\t\t\t\tmargin-left: 0;\n\t\t\t}\n\t\t\t\/* see gallery_shortcode() in wp-includes\/media.php *\/\n\t\t<\/style>\n\t\t<div id='gallery-1' class='gallery galleryid-267 gallery-columns-5 gallery-size-large'><dl class='gallery-item'>\n\t\t\t<dt class='gallery-icon portrait'>\n\t\t\t\t<a href='https:\/\/civilhood.eu\/wp-content\/uploads\/2022\/10\/Untitled-design-21.png'><img loading=\"lazy\" decoding=\"async\" width=\"724\" height=\"1024\" src=\"https:\/\/civilhood.eu\/wp-content\/uploads\/2022\/10\/Untitled-design-21.png\" class=\"attachment-large size-large\" alt=\"\" \/><\/a>\n\t\t\t<\/dt><\/dl><dl class='gallery-item'>\n\t\t\t<dt class='gallery-icon portrait'>\n\t\t\t\t<a href='https:\/\/civilhood.eu\/wp-content\/uploads\/2022\/10\/Untitled-design-23.png'><img loading=\"lazy\" decoding=\"async\" width=\"724\" height=\"1024\" src=\"https:\/\/civilhood.eu\/wp-content\/uploads\/2022\/10\/Untitled-design-23.png\" class=\"attachment-large size-large\" alt=\"\" \/><\/a>\n\t\t\t<\/dt><\/dl><dl class='gallery-item'>\n\t\t\t<dt class='gallery-icon portrait'>\n\t\t\t\t<a href='https:\/\/civilhood.eu\/wp-content\/uploads\/2022\/10\/Untitled-design-20.png'><img loading=\"lazy\" decoding=\"async\" width=\"724\" height=\"1024\" src=\"https:\/\/civilhood.eu\/wp-content\/uploads\/2022\/10\/Untitled-design-20.png\" class=\"attachment-large size-large\" alt=\"\" \/><\/a>\n\t\t\t<\/dt><\/dl><dl class='gallery-item'>\n\t\t\t<dt class='gallery-icon portrait'>\n\t\t\t\t<a href='https:\/\/civilhood.eu\/wp-content\/uploads\/2022\/10\/Untitled-design-19.png'><img loading=\"lazy\" decoding=\"async\" width=\"724\" height=\"1024\" src=\"https:\/\/civilhood.eu\/wp-content\/uploads\/2022\/10\/Untitled-design-19.png\" class=\"attachment-large size-large\" alt=\"\" \/><\/a>\n\t\t\t<\/dt><\/dl><dl class='gallery-item'>\n\t\t\t<dt class='gallery-icon portrait'>\n\t\t\t\t<a href='https:\/\/civilhood.eu\/wp-content\/uploads\/2022\/10\/ENHANC1.png'><img loading=\"lazy\" decoding=\"async\" width=\"724\" height=\"1024\" src=\"https:\/\/civilhood.eu\/wp-content\/uploads\/2022\/10\/ENHANC1.png\" class=\"attachment-large size-large\" alt=\"\" \/><\/a>\n\t\t\t<\/dt><\/dl><br style=\"clear: both\" \/>\n\t\t<\/div>\n\n","protected":false},"excerpt":{"rendered":"<p>&nbsp; CIVILTA&#8217;: favorire la transizione dei minori non accompagnati verso la prima et\u00e0 adulta attraverso l&#8217;educazione civica e l&#8217;integrazione nel mercato del lavoro Durata del progetto: 01.01.2022 &#8211; 31.12.2023 L&#8217;educazione civica \u00e8 un veicolo importante, ma a volte trascurato, per l&#8217;integrazione dei migranti nel mercato del lavoro, in particolare i minori non accompagnati che si [&hellip;]<\/p>\n","protected":false},"author":1,"featured_media":59,"parent":0,"menu_order":0,"comment_status":"closed","ping_status":"closed","template":"","meta":{"_et_pb_use_builder":"","_et_pb_old_content":"","_et_gb_content_width":"","footnotes":""},"class_list":["post-267","page","type-page","status-publish","has-post-thumbnail","hentry"],"acf":[],"_links":{"self":[{"href":"https:\/\/civilhood.eu\/index.php?rest_route=\/wp\/v2\/pages\/267","targetHints":{"allow":["GET"]}}],"collection":[{"href":"https:\/\/civilhood.eu\/index.php?rest_route=\/wp\/v2\/pages"}],"about":[{"href":"https:\/\/civilhood.eu\/index.php?rest_route=\/wp\/v2\/types\/page"}],"author":[{"embeddable":true,"href":"https:\/\/civilhood.eu\/index.php?rest_route=\/wp\/v2\/users\/1"}],"replies":[{"embeddable":true,"href":"https:\/\/civilhood.eu\/index.php?rest_route=%2Fwp%2Fv2%2Fcomments&post=267"}],"version-history":[{"count":3,"href":"https:\/\/civilhood.eu\/index.php?rest_route=\/wp\/v2\/pages\/267\/revisions"}],"predecessor-version":[{"id":19759,"href":"https:\/\/civilhood.eu\/index.php?rest_route=\/wp\/v2\/pages\/267\/revisions\/19759"}],"wp:featuredmedia":[{"embeddable":true,"href":"https:\/\/civilhood.eu\/index.php?rest_route=\/wp\/v2\/media\/59"}],"wp:attachment":[{"href":"https:\/\/civilhood.eu\/index.php?rest_route=%2Fwp%2Fv2%2Fmedia&parent=267"}],"curies":[{"name":"wp","href":"https:\/\/api.w.org\/{rel}","templated":true}]}}